{"id":3622,"date":"2016-10-17T08:24:28","date_gmt":"2016-10-17T07:24:28","guid":{"rendered":"https:\/\/www.muzzisrl.it\/homepage-copy\/"},"modified":"2021-12-01T15:29:52","modified_gmt":"2021-12-01T14:29:52","slug":"homepage","status":"publish","type":"page","link":"https:\/\/www.muzzisrl.it\/de\/","title":{"rendered":"Home"},"content":{"rendered":"","protected":false},"excerpt":{"rendered":"","protected":false},"author":1,"featured_media":0,"parent":0,"menu_order":0,"comment_status":"closed","ping_status":"closed","template":"","meta":[],"acf":[],"yoast_head":"<!-- This site is optimized with the Yoast SEO plugin v15.3 - https:\/\/yoast.com\/wordpress\/plugins\/seo\/ -->\n<meta name=\"description\" content=\"Spezialisten in CBN schleifscheibe und Diamant-Werkzeugen f\u00fcr die mechanische Industrie und Gie\u00dfereien. Kontaktieren Sie uns f\u00fcr individuelle Angebote.\" \/>\n<meta name=\"robots\" content=\"index, follow, max-snippet:-1, max-image-preview:large, max-video-preview:-1\" \/>\n<link rel=\"canonical\" href=\"https:\/\/www.muzzisrl.it\/de\/\" \/>\n<meta property=\"og:locale\" content=\"de_DE\" \/>\n<meta property=\"og:type\" content=\"article\" \/>\n<meta property=\"og:title\" content=\"Diamant schleifscheibe, diamant-Werkzeuge - Muzzi Srl\" \/>\n<meta property=\"og:description\" content=\"Spezialisten in CBN schleifscheibe und Diamant-Werkzeugen f\u00fcr die mechanische Industrie und Gie\u00dfereien. Kontaktieren Sie uns f\u00fcr individuelle Angebote.\" \/>\n<meta property=\"og:url\" content=\"https:\/\/www.muzzisrl.it\/de\/\" \/>\n<meta property=\"og:site_name\" content=\"Muzzi srl\" \/>\n<meta property=\"article:modified_time\" content=\"2021-12-01T14:29:52+00:00\" \/>\n<meta name=\"twitter:card\" content=\"summary\" \/>\n<meta name=\"twitter:label1\" content=\"Verfasst von\">\n\t<meta name=\"twitter:data1\" content=\"admin\">\n<script type=\"application\/ld+json\" class=\"yoast-schema-graph\">{\"@context\":\"https:\/\/schema.org\",\"@graph\":[{\"@type\":\"WebSite\",\"@id\":\"https:\/\/www.muzzisrl.it\/de\/#website\",\"url\":\"https:\/\/www.muzzisrl.it\/de\/\",\"name\":\"Muzzi srl\",\"description\":false,\"potentialAction\":[{\"@type\":\"SearchAction\",\"target\":\"https:\/\/www.muzzisrl.it\/de\/?s={search_term_string}\",\"query-input\":\"required name=search_term_string\"}],\"inLanguage\":\"de-DE\"},{\"@type\":\"WebPage\",\"@id\":\"https:\/\/www.muzzisrl.it\/de\/#webpage\",\"url\":\"https:\/\/www.muzzisrl.it\/de\/\",\"name\":\"Diamant schleifscheibe, diamant-Werkzeuge - Muzzi Srl\",\"isPartOf\":{\"@id\":\"https:\/\/www.muzzisrl.it\/de\/#website\"},\"datePublished\":\"2016-10-17T07:24:28+00:00\",\"dateModified\":\"2021-12-01T14:29:52+00:00\",\"description\":\"Spezialisten in CBN schleifscheibe und Diamant-Werkzeugen f\\u00fcr die mechanische Industrie und Gie\\u00dfereien. Kontaktieren Sie uns f\\u00fcr individuelle Angebote.\",\"inLanguage\":\"de-DE\",\"potentialAction\":[{\"@type\":\"ReadAction\",\"target\":[\"https:\/\/www.muzzisrl.it\/de\/\"]}]}]}<\/script>\n<!-- \/ Yoast SEO plugin. -->","_links":{"self":[{"href":"https:\/\/www.muzzisrl.it\/de\/wp-json\/wp\/v2\/pages\/3622"}],"collection":[{"href":"https:\/\/www.muzzisrl.it\/de\/wp-json\/wp\/v2\/pages"}],"about":[{"href":"https:\/\/www.muzzisrl.it\/de\/wp-json\/wp\/v2\/types\/page"}],"author":[{"embeddable":true,"href":"https:\/\/www.muzzisrl.it\/de\/wp-json\/wp\/v2\/users\/1"}],"replies":[{"embeddable":true,"href":"https:\/\/www.muzzisrl.it\/de\/wp-json\/wp\/v2\/comments?post=3622"}],"version-history":[{"count":25,"href":"https:\/\/www.muzzisrl.it\/de\/wp-json\/wp\/v2\/pages\/3622\/revisions"}],"predecessor-version":[{"id":5886,"href":"https:\/\/www.muzzisrl.it\/de\/wp-json\/wp\/v2\/pages\/3622\/revisions\/5886"}],"wp:attachment":[{"href":"https:\/\/www.muzzisrl.it\/de\/wp-json\/wp\/v2\/media?parent=3622"}],"curies":[{"name":"wp","href":"https:\/\/api.w.org\/{rel}","templated":true}]}}