{"id":5575,"date":"2014-03-26T16:21:58","date_gmt":"2014-03-26T16:21:58","guid":{"rendered":"https:\/\/www.muzzisrl.it\/de\/dischi-diamantati-mole-diamantate\/"},"modified":"2021-03-24T11:25:58","modified_gmt":"2021-03-24T10:25:58","slug":"diamant-schleifscheibe","status":"publish","type":"page","link":"https:\/\/www.muzzisrl.it\/de\/diamant-schleifscheibe\/","title":{"rendered":"Diamant schleifscheiben"},"content":{"rendered":"<p><img class=\"alignright\" style=\"margin: 20px; float: right;\" title=\"dischi diamantati\" src=\"https:\/\/www.muzzisrl.it\/img\/dischi-diamantati.jpg\" alt=\"dischi diamantati\"><\/p>\n<p>Seit <strong>1980 hat die Firma Muzzi s.r.l<\/strong>. eine gro\u00dfe Auswahl an galvanischen <strong>Diamant- und CBN-<\/strong> Schleifwerkzeugen hergestellt, die in vielen verschiedenen Branchen eingesetzt werden, von der Pr\u00e4zisionsmechanik bis zur Steinindustrie.<\/p>\n<p>Unsere Strategie ist es, sowohl Maschinenbenutzer als auch Maschinenhersteller zu unterst\u00fctzen und durch technische Innovationen auf die Senkung der Verarbeitungskosten hinzuarbeiten.<br \/>\nDeshalb wurden unsere Schleifwerkzeuge speziell f\u00fcr Sie entwickelt und hergestellt.<br \/>\n&nbsp;<\/p>\n<h2><strong>Diamant schleifscheiben: anwendungsbereiche f\u00fcr Schleifwerkzeuge<\/strong><\/h2>\n<h3><strong>WERKZEUGE F\u00dcR GUSSEISEN<\/strong><\/h3>\n<p>Wir produzieren Schleifwerkzeugen zum automatischen Entgraten von Eisenguss.<br \/>\nIn unserer Palette sind Standardwerkzeuge f\u00fcr alle CNC und automatische Maschinen. Werkzeuge zum Entgraten von Motorbl\u00f6cke.<br \/>\nTrennscheiben und kleine Werkzeuge zum Schneiden und manuellen Schleifen.<\/p>\n<p>W\u00e4hlen Sie die Kategorie aus, an der Sie interessiert sind, um den vollst\u00e4ndigen Katalog anzuzeigen:<\/p>\n<ul>\n<li><a href=\"https:\/\/www.muzzisrl.it\/de\/prodotto\/flache-schleifscheiben-zum-vorderen-entgraten\/\" target=\"_blank\" rel=\"noopener noreferrer\">Bockscheiben zum Frontentgraten<\/a><\/li>\n<li><a href=\"https:\/\/www.muzzisrl.it\/de\/prodotto\/radiusschleifscheiben-zum-kantenschleifen\/\" target=\"_blank\" rel=\"noopener noreferrer\">Werkzeuge mit Riadius zum Konturieren<\/a><\/li>\n<li><a href=\"https:\/\/www.muzzisrl.it\/de\/prodotto\/entgratscheiben-mit-nabe-auf-einer-seite\/\" target=\"_blank\" rel=\"noopener noreferrer\">Bockscheiben mit seitlicher Nabe<\/a><\/li>\n<li><a href=\"https:\/\/www.muzzisrl.it\/de\/prodotto\/toepfe-fuer-flaechenentgraten\/\" target=\"_blank\" rel=\"noopener noreferrer\">Schruppscheiben zum Entgraten der Oberfl\u00e4che<\/a><\/li>\n<li><a href=\"https:\/\/www.muzzisrl.it\/de\/prodotto\/scheiben\/\" target=\"_blank\" rel=\"noopener noreferrer\">Trennscheiben f\u00fcr Gusseisen<\/a><\/li>\n<li><a href=\"https:\/\/www.muzzisrl.it\/de\/prodotto\/hartmetallfraeser-zum-innenschleifen\/\">Werkzeugen aus Hartmetall f\u00fcr Innenschleifen<\/a><\/li>\n<li><a href=\"https:\/\/www.muzzisrl.it\/de\/prodotto\/molette-con-gambo-oe6\/\">kleine Werkzeuge mit \u00d86 Schaft<\/a><\/li>\n<li><a href=\"https:\/\/www.muzzisrl.it\/de\/prodotto\/molette-con-gambo-oe8\/\">kleine Werkzeuge mit \u00d88 Schaft<\/a><\/li>\n<li><a href=\"https:\/\/www.muzzisrl.it\/de\/prodotto\/molette-con-attacco-filettato-muzzi-fit\/\">kleine Werkzeuge mit Gewinde \u201eMuzzi fit\u201c<\/a><\/li>\n<\/ul>\n<p>&nbsp;<\/p>\n<h3><strong>SCHLEIFSCHEIBEN F\u00dcR DIE MECHANISCHE INDUSTRIE<\/strong><\/h3>\n<p>Manufacturing of rectifiers for insides in Diamond and CBN, shaped tools for precision grinding of hard metal, ceramic, stellite, hardened steel, etc.<br \/>\nDiamant- und Bornitrid-Innenschleifwerkzeuge, Profilwerkzeuge zum Pr\u00e4zisionsschleifen von Hartmetall, Keramik, Stellit, geh\u00e4rtetem Stahl usw.<br \/>\nW\u00e4hlen Sie die Kategorie aus, an der Sie interessiert sind, um den vollst\u00e4ndigen Katalog anzuzeigen:<\/p>\n<ul>\n<li><a href=\"https:\/\/www.muzzisrl.it\/de\/prodotto\/rg-innenschleifmaschinen\/\" target=\"_blank\" rel=\"noopener noreferrer\">RG &#8211; Innenschleifwerkzeuge mit Schaft<\/a><\/li>\n<li><a href=\"https:\/\/www.muzzisrl.it\/de\/prodotto\/rf-rt-kleine-schleifscheiben-zum-innenschleifen\/\">RF RT &#8211; Innenschleifwerkzeuge mit Bohrung<\/a><\/li>\n<li><a href=\"https:\/\/www.muzzisrl.it\/de\/prodotto\/ms-schleifscheiben-mit-kugelschaft\/\">MS &#8211; Kugelwerkzeuge mit Schaft<\/a><\/li>\n<li><a href=\"https:\/\/www.muzzisrl.it\/de\/prodotto\/topfschleifscheiben-fuer-stichel\/\">Becherr\u00e4der f\u00fcr Burins<\/a><\/li>\n<li><a href=\"https:\/\/www.muzzisrl.it\/de\/prodotto\/schleifscheiben-zum-abrichten-von-hartmetallwalzen\/\">Werkzeuge zu Hartmetallrollen profilschleifen<\/a><\/li>\n<li><a href=\"https:\/\/www.muzzisrl.it\/de\/prodotto\/schleifscheiben-zum-schleifen-von-druckfedern\/\">Werkzeuge zum Schleifen von Druckfedern<\/a><\/li>\n<li><a href=\"https:\/\/www.muzzisrl.it\/de\/prodotto\/schleifscheiben-zum-werkzeugschleifen\/\">Werkzeuge zum Sch\u00e4rfen<\/a><\/li>\n<\/ul>\n<p>&nbsp;<\/p>\n<h3><strong>SCHLEIFWERKZEUGE F\u00dcR MARMOR<\/strong><\/h3>\n<p>Formwerkzeuge zum Schruppen und Polieren von weichen Steinen.<br \/>\nProfilwerkzeuge, Bits und kleine Werkzeuge f\u00fcr manuelle und CNC Maschinen.<br \/>\nW\u00e4hlen Sie die Kategorie aus, an der Sie interessiert sind, um den vollst\u00e4ndigen Katalog anzuzeigen:<\/p>\n<ul>\n<li><a href=\"https:\/\/www.muzzisrl.it\/de\/prodotto\/trennfraeser\/\">Diamantfr\u00e4ser zum Schneiden<\/a><\/li>\n<li><a href=\"https:\/\/www.muzzisrl.it\/de\/prodotto\/durchbruchscheiben-fuer-aushoehlungen\/\">Schruppscheiben<\/a><\/li>\n<li><a href=\"https:\/\/www.muzzisrl.it\/de\/prodotto\/trennscheiben-2\/\">Trennscheiben<\/a><\/li>\n<li><a href=\"https:\/\/www.muzzisrl.it\/de\/prodotto\/schruppschleifscheiben-fuer-aluminium-flex\/\">Schruppwerkzeuge f\u00fcr Winkelgrinder<\/a><\/li>\n<li><a href=\"https:\/\/www.muzzisrl.it\/de\/prodotto\/formschleifscheiben-fuer-maschinen-mit-numerischer-kontrolle\/\">Profilwerkzeuge f\u00fcr CNC Maschinen<\/a><\/li>\n<li><a href=\"https:\/\/www.muzzisrl.it\/de\/prodotto\/formschleifscheiben-mit-schaft\/\">kleine Formscheiben mit Schaft<\/a><\/li>\n<\/ul>\n<p>&nbsp;<\/p>\n<h3><strong>SCHLEIFWERKZEUGE F\u00dcR FASERGLAS<\/strong><\/h3>\n<p>Herstellung von Werkzeugen zum Schleifen von Artefakten aus Verbundwerkstoffen, Formwerkzeugen zur Herstellung von Glasfaserrohren, Trennscheiben und kleinen Werkzeugen f\u00fcr die Handarbeit.<br \/>\nW\u00e4hlen Sie die Kategorie aus, an der Sie interessiert sind, um den vollst\u00e4ndigen Katalog anzuzeigen:<\/p>\n<ul>\n<li><a href=\"https:\/\/www.muzzisrl.it\/de\/prodotto\/formschleifscheiben-fuer-glasfaserrohre\/\">Formwerkzeuge f\u00fcr Glasfaserrohre<\/a><\/li>\n<li><a href=\"https:\/\/www.muzzisrl.it\/de\/prodotto\/formschleifscheiben-mit-schaft-2\/\">Formwerkzeuge mit Schaft<\/a><\/li>\n<\/ul>\n<p>&nbsp;<\/p>\n<h3><strong>SPEZIALWERKZEUGE<\/strong><\/h3>\n<p>Herstellung von Diamant- und CBN-werkzeuge f\u00fcr spezielle Industrieanwendungen, z.B. Verschlei\u00dfschutzbeschichtung, Enthaarung der Samen, usw.<br \/>\nKlicken Sie hier, um den vollst\u00e4ndigen Katalog anzuzeigen: <a href=\"https:\/\/www.muzzisrl.it\/de\/tipo\/spezialwerkzeuge\/\">SPEZIALWERKZEUG <\/a>.<br \/>\n&nbsp;<\/p>\n<h2><strong>Kundenspezifische Schleifwerkzeuge<\/strong><\/h2>\n<p>Die Firma hat eine moderne Drehabteilung, mit CNC-Maschinen ausgestattet und einen Kontrollraum.<br \/>\nDie galvanische Abteilung kann Schleifscheiben bis zu einem Durchmesser von 1000 mm produzieren.<\/p>\n<p>Die Qualit\u00e4t und das Auswuchten der Schleifscheiben werden durch optische Kontroll- und Auswuchtmaschinen gew\u00e4hrleistet.<br \/>\nNeben den Standardpr\u00fcfger\u00e4ten verf\u00fcgt die Qualit\u00e4tssicherungsabteilung \u00fcber ein dreidimensionales Messger\u00e4t, ein mechanisches Profilometer und einen optischen Projektor.<br \/>\n&nbsp;<\/p>\n<h2><strong>Wiederbelegung und Service<\/strong><\/h2>\n<p>Galvanische Werkzeuge werden regeneriert, indem das verbrauchte Schleifmittel entfernt und eine neue Diamant oder CBN Beschichtung abgeschieden wird.<\/p>\n<p>Zus\u00e4tzliche Prozesse zum Profilieren, Testen und Auswuchten vervollst\u00e4ndigen unseren Service entsprechend Ihren Anforderungen.<\/p>\n<p>Sie k\u00f6nnen uns seit den Entwurfsphasen Ihres Schleifprozesses oder Ihrer neuen Maschinen konsultieren. Wir helfen Ihnen bei der Definition von Strategie, Geschwindigkeit, Entwicklung, Schmierung und anderen n\u00fctzlichen Parametern.<br \/>\nWenn das Werkzeug in der Fertigung eingesetzt wird, stehen wir Ihnen zur Seite, um die Effizienz der Produktion zu verbessern und die Herstellungskosten zu minimieren.<\/p>\n<p>&nbsp;<\/p>\n<p style=\"font-size: 24px; text-align: center;\"><strong>Interessieren Sie sich f\u00fcr unsere Produktion von Diamantscheiben?<br \/>\nKontaktieren Sie uns jetzt, indem Sie das Formular ausf\u00fcllen!<\/strong><\/p>\n<p>&nbsp;<\/p>\n<div role=\"form\" class=\"wpcf7\" id=\"wpcf7-f3465-o1\" lang=\"de-DE\" dir=\"ltr\">\n<div class=\"screen-reader-response\"><p role=\"status\" aria-live=\"polite\" aria-atomic=\"true\"><\/p> <ul><\/ul><\/div>\n<form action=\"\/de\/wp-json\/wp\/v2\/pages\/5575#wpcf7-f3465-o1\" method=\"post\" class=\"wpcf7-form init\" novalidate=\"novalidate\" data-status=\"init\">\n<div style=\"display: none;\">\n<input type=\"hidden\" name=\"_wpcf7\" value=\"3465\" \/>\n<input type=\"hidden\" name=\"_wpcf7_version\" value=\"5.3\" \/>\n<input type=\"hidden\" name=\"_wpcf7_locale\" value=\"de_DE\" \/>\n<input type=\"hidden\" name=\"_wpcf7_unit_tag\" value=\"wpcf7-f3465-o1\" \/>\n<input type=\"hidden\" name=\"_wpcf7_container_post\" value=\"0\" \/>\n<input type=\"hidden\" name=\"_wpcf7_posted_data_hash\" value=\"\" \/>\n<input type=\"hidden\" name=\"_wpcf7_recaptcha_response\" value=\"\" \/>\n<\/div>\n<p>Vor und Nachname (*)<br \/>\n    <span class=\"wpcf7-form-control-wrap nome-cognome\"><input type=\"text\" name=\"nome-cognome\" value=\"\" size=\"40\" class=\"wpcf7-form-control wpcf7-text wpcf7-validates-as-required\" aria-required=\"true\" aria-invalid=\"false\" \/><\/span> <\/p>\n<p>Firma*<br \/>\n    <span class=\"wpcf7-form-control-wrap azienda\"><input type=\"text\" name=\"azienda\" value=\"\" size=\"40\" class=\"wpcf7-form-control wpcf7-text wpcf7-validates-as-required\" aria-required=\"true\" aria-invalid=\"false\" \/><\/span> <\/p>\n<p>Stadt<br \/>\n    <span class=\"wpcf7-form-control-wrap citta\"><input type=\"text\" name=\"citta\" value=\"\" size=\"40\" class=\"wpcf7-form-control wpcf7-text\" aria-invalid=\"false\" \/><\/span> <\/p>\n<p>Telefon<br \/>\n    <span class=\"wpcf7-form-control-wrap tel\"><input type=\"text\" name=\"tel\" value=\"\" size=\"40\" class=\"wpcf7-form-control wpcf7-text\" aria-invalid=\"false\" \/><\/span> <\/p>\n<p>E-Mail Adresse (*)<br \/>\n    <span class=\"wpcf7-form-control-wrap your-email\"><input type=\"email\" name=\"your-email\" value=\"\" size=\"40\" class=\"wpcf7-form-control wpcf7-text wpcf7-email wpcf7-validates-as-required wpcf7-validates-as-email\" aria-required=\"true\" aria-invalid=\"false\" \/><\/span> <\/p>\n<p>Interessierender Bereich*<br \/>\n<span class=\"wpcf7-form-control-wrap interesse\"><select name=\"interesse\" class=\"wpcf7-form-control wpcf7-select wpcf7-validates-as-required\" aria-required=\"true\" aria-invalid=\"false\"><option value=\"\">---<\/option><option value=\"Gusseisen\">Gusseisen<\/option><option value=\"Mechanik\">Mechanik<\/option><option value=\"Marmor\">Marmor<\/option><option value=\"Friction\">Friction<\/option><option value=\"Glasfaserkunststoff\">Glasfaserkunststoff<\/option><option value=\"Spezialwerkzeuge\">Spezialwerkzeuge<\/option><\/select><\/span><\/p>\n<p>Anfrage<br \/>\n    <span class=\"wpcf7-form-control-wrap richiesta\"><textarea name=\"richiesta\" cols=\"40\" rows=\"10\" class=\"wpcf7-form-control wpcf7-textarea\" aria-invalid=\"false\"><\/textarea><\/span> <\/p>\n<p><span class=\"wpcf7-form-control-wrap accettazione-privacy\"><span class=\"wpcf7-form-control wpcf7-acceptance\"><span class=\"wpcf7-list-item\"><input type=\"checkbox\" name=\"accettazione-privacy\" value=\"1\" aria-invalid=\"false\" \/><\/span><\/span><\/span><span class=\"gdpr-title\">&emsp;&emsp;Ich akzeptiere alle unten angegebenen Bedingungen<\/span><br \/>\n<span class=\"privacy_gpdr\"> Wir liefern nachstehend die Informationen \u00fcber die Verwendung der von Ihnen durch Ausf\u00fcllen dieses Formulars mitgeteilten personenbezogenen Daten gem\u00e4\u00df den Vorschriften der Verordnung (EU) 2016\/679 zum Schutz der nat\u00fcrlichen Personen hinsichtlich der Verarbeitung personenbezogener Daten und des freien Verkehrs dieser Daten (auch als DSGVO bekannt). Die von Ihnen freiwillig durch Ausf\u00fcllen von elektronischen Formularen mitgeteilten personenbezogenen Daten werden ausschlie\u00dflich f\u00fcr den Kontakt mit dem Unternehmen und gegebenenfalls f\u00fcr die Erf\u00fcllung des mit Ihnen geschlossenen Vertrags erfasst. Die Mitteilung der besagten Daten Ihrerseits ist zwingend vorgeschrieben; eine eventuelle Verweigerung macht es uns unm\u00f6glich, Ihnen das\/die von Ihnen angeforderte Produkt\/Dienstleistung zu liefern und jedenfalls Ihre Anforderung zu bearbeiten. Innerhalb unseres Unternehmens kann nur das mit der Verarbeitung der personenbezogenen Daten f\u00fcr die genannten Zwecke beauftragte Personal von diesen Daten Kenntnis erhalten. Wir weisen Sie ferner darauf hin, dass Sie durch entsprechende, an den Verantwortlichen gerichtete Aufforderung alle in den Artikeln 15 bis 22 der vorgenannten EU-Verordnung vorgesehenen Rechte aus\u00fcben k\u00f6nnen, insbesondere das Recht auf Auskunft \u00fcber die personenbezogenen Daten und auf Erhalt einer Kopie davon (Art. 15 DSGVO), auf ihre Berichtigung (Art. 16 DSGVO) und auf ihre L\u00f6schung (Art. 17 DSGVO), auf Einschr\u00e4nkung der Sie betreffenden Verarbeitung (Art. 18 DSGVO), auf Daten\u00fcbertragbarkeit (Art. 20 DSGVO, falls die Voraussetzungen daf\u00fcr gegeben sind) und auf Widerspruch gegen die Sie betreffende Verarbeitung (Art. 21 und 22 DSGVO in den dort erw\u00e4hnten F\u00e4llen, insbesondere gegen die Verarbeitung f\u00fcr Werbezwecke oder mit automatisierter Entscheidungsfindung - einschlie\u00dflich Profiling -, die Ihnen gegen\u00fcber rechtliche Wirkung entfaltet, falls die Voraussetzungen daf\u00fcr gegeben sind). Wir weisen Sie ferner, falls die Verarbeitung auf Einwilligung beruht, auf das Recht hin, diese Einwilligung jederzeit zu widerrufen, ohne dass dadurch die Rechtm\u00e4\u00dfigkeit der aufgrund der Einwilligung bis zum Widerruf erfolgten Verarbeitung ber\u00fchrt wird. Zu diesem Zweck k\u00f6nnen Sie sich jederzeit endg\u00fcltig von der Website abmelden, indem Sie sich \u00fcber die auf der Website ver\u00f6ffentlichten Adressen an den Verantwortlichen wenden. Wir informieren Sie ferner \u00fcber Ihr Recht, bei einer Aufsichtsbeh\u00f6rde f\u00fcr den Datenschutz (in Italien ist dies der \u201eGarante per la Protezione dei Dati Personali\u201c) Beschwerde einzulegen oder einen gerichtlichen Rechtsbehelf einzulegen, und zwar sowohl gegen eine Entscheidung der Aufsichtsbeh\u00f6rde als auch gegen den Verantwortlichen und\/oder einen Auftragsverarbeiter.<br \/>\n<\/span><\/p>\n<p><input type=\"submit\" value=\"SENDEN\" class=\"wpcf7-form-control wpcf7-submit\" \/><\/p>\n<div class=\"wpcf7-response-output\" aria-hidden=\"true\"><\/div><\/form><\/div>\n","protected":false},"excerpt":{"rendered":"<p>Seit 1980 hat die Firma Muzzi s.r.l. eine gro\u00dfe Auswahl an galvanischen Diamant- und CBN- Schleifwerkzeugen hergestellt, die in vielen verschiedenen Branchen eingesetzt werden, von der Pr\u00e4zisionsmechanik bis zur Steinindustrie. Unsere Strategie ist es, sowohl Maschinenbenutzer als auch Maschinenhersteller zu unterst\u00fctzen und durch technische Innovationen auf die Senkung der Verarbeitungskosten hinzuarbeiten. Deshalb wurden unsere Schleifwerkzeuge&#8230; <\/p>\n<div class=\"clear\"><\/div>\n<p><a href=\"https:\/\/www.muzzisrl.it\/de\/diamant-schleifscheibe\/\" class=\"excerpt-read-more\">Read More<\/a><\/p>\n","protected":false},"author":1,"featured_media":0,"parent":0,"menu_order":0,"comment_status":"open","ping_status":"open","template":"","meta":[],"acf":[],"yoast_head":"<!-- This site is optimized with the Yoast SEO plugin v15.3 - https:\/\/yoast.com\/wordpress\/plugins\/seo\/ -->\n<meta name=\"description\" content=\"Die Diamantscheiben von Muzzi werden in verschiedenen Bereichen eingesetzt: Marmor, Glasfaser, mechanische Verarbeitung und vieles mehr. Finde mehr heraus!\" \/>\n<meta name=\"robots\" content=\"index, follow, max-snippet:-1, max-image-preview:large, max-video-preview:-1\" \/>\n<link rel=\"canonical\" href=\"https:\/\/www.muzzisrl.it\/de\/diamant-schleifscheibe\/\" \/>\n<meta property=\"og:locale\" content=\"de_DE\" \/>\n<meta property=\"og:type\" content=\"article\" \/>\n<meta property=\"og:title\" content=\"Diamant schleifscheiben: Anwendungsbereiche und Eigenschaften - Muzzi\" \/>\n<meta property=\"og:description\" content=\"Die Diamantscheiben von Muzzi werden in verschiedenen Bereichen eingesetzt: Marmor, Glasfaser, mechanische Verarbeitung und vieles mehr. Finde mehr heraus!\" \/>\n<meta property=\"og:url\" content=\"https:\/\/www.muzzisrl.it\/de\/diamant-schleifscheibe\/\" \/>\n<meta property=\"og:site_name\" content=\"Muzzi srl\" \/>\n<meta property=\"article:modified_time\" content=\"2021-03-24T10:25:58+00:00\" \/>\n<meta property=\"og:image\" content=\"https:\/\/www.muzzisrl.it\/img\/dischi-diamantati.jpg\" \/>\n<meta name=\"twitter:card\" content=\"summary\" \/>\n<meta name=\"twitter:label1\" content=\"Verfasst von\">\n\t<meta name=\"twitter:data1\" content=\"admin\">\n\t<meta name=\"twitter:label2\" content=\"Gesch\u00e4tzte Lesezeit\">\n\t<meta name=\"twitter:data2\" content=\"2 minutes\">\n<script type=\"application\/ld+json\" class=\"yoast-schema-graph\">{\"@context\":\"https:\/\/schema.org\",\"@graph\":[{\"@type\":\"WebSite\",\"@id\":\"https:\/\/www.muzzisrl.it\/de\/#website\",\"url\":\"https:\/\/www.muzzisrl.it\/de\/\",\"name\":\"Muzzi srl\",\"description\":false,\"potentialAction\":[{\"@type\":\"SearchAction\",\"target\":\"https:\/\/www.muzzisrl.it\/de\/?s={search_term_string}\",\"query-input\":\"required name=search_term_string\"}],\"inLanguage\":\"de-DE\"},{\"@type\":\"ImageObject\",\"@id\":\"https:\/\/www.muzzisrl.it\/de\/diamant-schleifscheibe\/#primaryimage\",\"inLanguage\":\"de-DE\",\"url\":\"https:\/\/www.muzzisrl.it\/img\/dischi-diamantati.jpg\"},{\"@type\":\"WebPage\",\"@id\":\"https:\/\/www.muzzisrl.it\/de\/diamant-schleifscheibe\/#webpage\",\"url\":\"https:\/\/www.muzzisrl.it\/de\/diamant-schleifscheibe\/\",\"name\":\"Diamant schleifscheiben: Anwendungsbereiche und Eigenschaften - Muzzi\",\"isPartOf\":{\"@id\":\"https:\/\/www.muzzisrl.it\/de\/#website\"},\"primaryImageOfPage\":{\"@id\":\"https:\/\/www.muzzisrl.it\/de\/diamant-schleifscheibe\/#primaryimage\"},\"datePublished\":\"2014-03-26T16:21:58+00:00\",\"dateModified\":\"2021-03-24T10:25:58+00:00\",\"description\":\"Die Diamantscheiben von Muzzi werden in verschiedenen Bereichen eingesetzt: Marmor, Glasfaser, mechanische Verarbeitung und vieles mehr. Finde mehr heraus!\",\"inLanguage\":\"de-DE\",\"potentialAction\":[{\"@type\":\"ReadAction\",\"target\":[\"https:\/\/www.muzzisrl.it\/de\/diamant-schleifscheibe\/\"]}]}]}<\/script>\n<!-- \/ Yoast SEO plugin. -->","_links":{"self":[{"href":"https:\/\/www.muzzisrl.it\/de\/wp-json\/wp\/v2\/pages\/5575"}],"collection":[{"href":"https:\/\/www.muzzisrl.it\/de\/wp-json\/wp\/v2\/pages"}],"about":[{"href":"https:\/\/www.muzzisrl.it\/de\/wp-json\/wp\/v2\/types\/page"}],"author":[{"embeddable":true,"href":"https:\/\/www.muzzisrl.it\/de\/wp-json\/wp\/v2\/users\/1"}],"replies":[{"embeddable":true,"href":"https:\/\/www.muzzisrl.it\/de\/wp-json\/wp\/v2\/comments?post=5575"}],"version-history":[{"count":7,"href":"https:\/\/www.muzzisrl.it\/de\/wp-json\/wp\/v2\/pages\/5575\/revisions"}],"predecessor-version":[{"id":5737,"href":"https:\/\/www.muzzisrl.it\/de\/wp-json\/wp\/v2\/pages\/5575\/revisions\/5737"}],"wp:attachment":[{"href":"https:\/\/www.muzzisrl.it\/de\/wp-json\/wp\/v2\/media?parent=5575"}],"curies":[{"name":"wp","href":"https:\/\/api.w.org\/{rel}","templated":true}]}}