{"id":5578,"date":"2014-03-26T15:10:07","date_gmt":"2014-03-26T14:10:07","guid":{"rendered":"https:\/\/www.muzzisrl.it\/de\/mole-per-rettifica\/"},"modified":"2021-03-22T17:58:48","modified_gmt":"2021-03-22T16:58:48","slug":"schleifscheiben","status":"publish","type":"page","link":"https:\/\/www.muzzisrl.it\/de\/schleifscheiben\/","title":{"rendered":"Schleifscheiben"},"content":{"rendered":"<p>Die Firma <strong>Muzzi s.r.l.<\/strong> stellt seit 1980 verschiedene Diamant und Bornitrid Schleifscheiben f\u00fcr hoch Pr\u00e4zision schleifen her.<\/p>\n<p>Unseren Schleifscheiben sind bei der mechanische Industrie benutzt um die h\u00f6chste Pr\u00e4zision und Finish zu garantieren.<\/p>\n<p>Wir herstellen und testen unsere Scheiben um die Qualit\u00e4t zu zertifizieren. Auf Kundenwunsch liefern wir \u2018test Zertifikaten\u2019 und, wenn n\u00f6tig, eine geschliffene Testplakette.<\/p>\n<p>Auf diese Weise kann der Kunde selbst die Geometrie der Scheibe kontrollieren.<\/p>\n<p>F\u00fcr h\u00f6here Qualit\u00e4tsanforderungen stimmen wir mit unseren Kunden spezifische &#8220;<em>Testprotokolle<\/em>\u201c \u00fcberein.<\/p>\n<p>Auf Kundenwunsch, liefern wir messungen und aufwucht Zertifikaten. <span style=\"text-decoration: underline;\"><em>Auf Kundenwunsch liefern wir auch Ma\u00df- und Ausgleichszertifikate.<\/em><\/span><\/p>\n<h2><strong>Innenschleifscheiben<\/strong><\/h2>\n<p>Wir stellen eine breite Palette von Innenschleifstiften her, die haupts\u00e4chlich mit den K\u00f6rnungen D126 und B126 hergestellt werden.<br \/>\nBei Stiften mit kleinerem Durchmesser schlagen wir normalerweise kleinere K\u00f6rnungen vor.<\/p>\n<p>Bitte, senden Sie uns Ihre Anfrage f\u00fcr Diamant- und CBN-Schleifscheiben und -stifte.<\/p>\n<p>Zusammen mit den auf Lager verf\u00fcgbaren Standardartikeln produzieren und liefern wir Spezialwerkzeuge, die nach Ihren spezifischen Anforderungen hergestellt werden.<\/p>\n<p style=\"text-align: center;\"><span style=\"text-decoration: underline;\"><\/p>\n<a class=\"gdlr-button large without-border\" href=\"https:\/\/www.muzzisrl.it\/de\/prodotto\/rg-innenschleifmaschinen\/\" target=\"_blank\"  style=\"color:#ffffff; background-color:#178096; \"  >NACH INFORMATIONEN FRAGEN<\/a>\n<p><\/span><\/p>\n<h2><strong>Schleifscheiben f\u00fcr Druckfedern<\/strong><\/h2>\n<p>Der Schleifvorgang von Druckfedern kann mit glavanischen <strong><a href=\"https:\/\/www.muzzisrl.it\/mole-cbn\/\">CBN Schleifscheiben<\/a><\/strong> erfolgreich durchgef\u00fchrt werden.<\/p>\n<p>Dank einer langen Zusammenarbeit mit wichtigen Kunden und mit Schleifmaschinenherstellern verf\u00fcgen wir \u00fcber umfangreiche Erfahrungen auf diesem Gebiet.<\/p>\n<p>Die Gesamtpr\u00e4zision des Systems Maschine-Scheibe und die richtige Wahl des CBNs k\u00f6nnen zu sehr guten Leistungen sowohl bei Stahl als auch bei Edelstahl f\u00fchren.<\/p>\n<p>Die galvanische CBN-Scheibe ver\u00e4ndert ihre Geometrie nicht.<br \/>\nDie R\u00fcstzeiten werden drastisch reduziert.<\/p>\n<p>Das galvanische Scheibe braucht kein Abrichten, daher ist die Abrichtzeit Null.<\/p>\n<p>Wenn die galvanische Schleifscheibe vollst\u00e4ndig abgenutzt ist, muss man sie ersetzen und die abgenutzte Scheibe an Muzzi schicken, um die CBN-Beschichtung zu regenerieren.<\/p>\n<p>Zum Federn mit einem Drahtdurchmesser bis \u00d81,7 k\u00f6nnen unsere CBN-Schleifen die Standard-Schleifscheiben effektiv ersetzen.<\/p>\n<p>Dank der Partnerschaft mit wichtigen Schleifmaschinenherstellern zeichnet sich unser Produkt durch Qualit\u00e4t und Zuverl\u00e4ssigkeit aus.<\/p>\n<p style=\"text-align: center;\"><span style=\"text-decoration: underline;\"><\/p>\n<a class=\"gdlr-button large without-border\" href=\"https:\/\/www.muzzisrl.it\/de\/prodotto\/schleifscheiben-zum-schleifen-von-druckfedern\/\" target=\"_blank\"  style=\"color:#ffffff; background-color:#178096; \"  >NACH INFORMATIONEN FRAGEN<\/a>\n<p><\/span><\/p>\n<h2><strong>Hochpr\u00e4zision Schleifscheiben<\/strong><\/h2>\n<p>Hochpr\u00e4zise Schleifvorg\u00e4nge werden eingesetzt, wenn enge Toleranzen und Oberfl\u00e4cheng\u00fcte erforderlich sind.<\/p>\n<p>Darunter kann man z\u00e4hlen: Innenschleifen (ID), Au\u00dfenschleifen, Oberfl\u00e4chenschleifen, spitzenloses Schleifen.<\/p>\n<p>Bei normalen Schleifvorg\u00e4ngen werden Standard-Schleifscheiben mit unterschiedlichen Formen erfolgreich eingesetzt.<\/p>\n<p>In einigen F\u00e4llen k\u00f6nnen auch galvanische CBN- und Diamantschleifscheiben wirksam sein.<\/p>\n<p>Die Wahl der besten Technologie ist ein technisch-wirtschaftliches Problem.<br \/>\nUnsere Anwendungsingenieur stehen Ihnen zur Verf\u00fcgung, um die Machbarkeit Ihrer Schleifprojekte zu untersuchen.<\/p>\n<p>Als Produktionsfirma k\u00f6nnen wir Werkzeuge nach Ihren spezifischen Anforderungen produzieren, wenn n\u00f6tig mit der Hilfe von 3D-Modellierung Software und FEM-Analyse.<\/p>\n<p style=\"text-align: center;\">\n<a class=\"gdlr-button large without-border\" href=\"https:\/\/www.muzzisrl.it\/de\/prodotto\/hochpraezisionsschleifscheiben\/\" target=\"_blank\"  style=\"color:#ffffff; background-color:#178096; \"  >NACH INFORMATIONEN FRAGEN<\/a><\/p>\n","protected":false},"excerpt":{"rendered":"<p>Die Firma Muzzi s.r.l. stellt seit 1980 verschiedene Diamant und Bornitrid Schleifscheiben f\u00fcr hoch Pr\u00e4zision schleifen her. Unseren Schleifscheiben sind bei der mechanische Industrie benutzt um die h\u00f6chste Pr\u00e4zision und Finish zu garantieren. Wir herstellen und testen unsere Scheiben um die Qualit\u00e4t zu zertifizieren. Auf Kundenwunsch liefern wir \u2018test Zertifikaten\u2019 und, wenn n\u00f6tig, eine geschliffene&#8230; <\/p>\n<div class=\"clear\"><\/div>\n<p><a href=\"https:\/\/www.muzzisrl.it\/de\/schleifscheiben\/\" class=\"excerpt-read-more\">Read More<\/a><\/p>\n","protected":false},"author":1,"featured_media":0,"parent":0,"menu_order":0,"comment_status":"open","ping_status":"open","template":"","meta":[],"acf":[],"yoast_head":"<!-- This site is optimized with the Yoast SEO plugin v15.3 - https:\/\/yoast.com\/wordpress\/plugins\/seo\/ -->\n<meta name=\"description\" content=\"Muzzi srl produziert Diamant- und CBN-Schleifscheiben f\u00fcr die mechanische Industrie. Erfahren Sie mehr \u00fcber die Eigenschaften und Anwendungen.\" \/>\n<meta name=\"robots\" content=\"index, follow, max-snippet:-1, max-image-preview:large, max-video-preview:-1\" \/>\n<link rel=\"canonical\" href=\"https:\/\/www.muzzisrl.it\/de\/schleifscheiben\/\" \/>\n<meta property=\"og:locale\" content=\"de_DE\" \/>\n<meta property=\"og:type\" content=\"article\" \/>\n<meta property=\"og:title\" content=\"Schleifscheiben, eigenschaften und anwendungen - Muzzi Srl\" \/>\n<meta property=\"og:description\" content=\"Muzzi srl produziert Diamant- und CBN-Schleifscheiben f\u00fcr die mechanische Industrie. Erfahren Sie mehr \u00fcber die Eigenschaften und Anwendungen.\" \/>\n<meta property=\"og:url\" content=\"https:\/\/www.muzzisrl.it\/de\/schleifscheiben\/\" \/>\n<meta property=\"og:site_name\" content=\"Muzzi srl\" \/>\n<meta property=\"article:modified_time\" content=\"2021-03-22T16:58:48+00:00\" \/>\n<meta name=\"twitter:card\" content=\"summary\" \/>\n<meta name=\"twitter:label1\" content=\"Verfasst von\">\n\t<meta name=\"twitter:data1\" content=\"admin\">\n\t<meta name=\"twitter:label2\" content=\"Gesch\u00e4tzte Lesezeit\">\n\t<meta name=\"twitter:data2\" content=\"2 minutes\">\n<script type=\"application\/ld+json\" class=\"yoast-schema-graph\">{\"@context\":\"https:\/\/schema.org\",\"@graph\":[{\"@type\":\"WebSite\",\"@id\":\"https:\/\/www.muzzisrl.it\/de\/#website\",\"url\":\"https:\/\/www.muzzisrl.it\/de\/\",\"name\":\"Muzzi srl\",\"description\":false,\"potentialAction\":[{\"@type\":\"SearchAction\",\"target\":\"https:\/\/www.muzzisrl.it\/de\/?s={search_term_string}\",\"query-input\":\"required name=search_term_string\"}],\"inLanguage\":\"de-DE\"},{\"@type\":\"WebPage\",\"@id\":\"https:\/\/www.muzzisrl.it\/de\/schleifscheiben\/#webpage\",\"url\":\"https:\/\/www.muzzisrl.it\/de\/schleifscheiben\/\",\"name\":\"Schleifscheiben, eigenschaften und anwendungen - Muzzi Srl\",\"isPartOf\":{\"@id\":\"https:\/\/www.muzzisrl.it\/de\/#website\"},\"datePublished\":\"2014-03-26T14:10:07+00:00\",\"dateModified\":\"2021-03-22T16:58:48+00:00\",\"description\":\"Muzzi srl produziert Diamant- und CBN-Schleifscheiben f\\u00fcr die mechanische Industrie. Erfahren Sie mehr \\u00fcber die Eigenschaften und Anwendungen.\",\"inLanguage\":\"de-DE\",\"potentialAction\":[{\"@type\":\"ReadAction\",\"target\":[\"https:\/\/www.muzzisrl.it\/de\/schleifscheiben\/\"]}]}]}<\/script>\n<!-- \/ Yoast SEO plugin. -->","_links":{"self":[{"href":"https:\/\/www.muzzisrl.it\/de\/wp-json\/wp\/v2\/pages\/5578"}],"collection":[{"href":"https:\/\/www.muzzisrl.it\/de\/wp-json\/wp\/v2\/pages"}],"about":[{"href":"https:\/\/www.muzzisrl.it\/de\/wp-json\/wp\/v2\/types\/page"}],"author":[{"embeddable":true,"href":"https:\/\/www.muzzisrl.it\/de\/wp-json\/wp\/v2\/users\/1"}],"replies":[{"embeddable":true,"href":"https:\/\/www.muzzisrl.it\/de\/wp-json\/wp\/v2\/comments?post=5578"}],"version-history":[{"count":6,"href":"https:\/\/www.muzzisrl.it\/de\/wp-json\/wp\/v2\/pages\/5578\/revisions"}],"predecessor-version":[{"id":5735,"href":"https:\/\/www.muzzisrl.it\/de\/wp-json\/wp\/v2\/pages\/5578\/revisions\/5735"}],"wp:attachment":[{"href":"https:\/\/www.muzzisrl.it\/de\/wp-json\/wp\/v2\/media?parent=5578"}],"curies":[{"name":"wp","href":"https:\/\/api.w.org\/{rel}","templated":true}]}}